{"id":56,"date":"2024-06-16T11:46:09","date_gmt":"2024-06-16T09:46:09","guid":{"rendered":"https:\/\/grundbildungscoach.de\/?page_id=56"},"modified":"2024-06-17T07:07:26","modified_gmt":"2024-06-17T05:07:26","slug":"social-coaching","status":"publish","type":"page","link":"https:\/\/grundbildungscoach.de\/?page_id=56","title":{"rendered":"Social-Coaching"},"content":{"rendered":"\n<p><strong>Support und Unterst\u00fctzung | Alltagshilfen:\u00a0<\/strong>Unsere Social-Coaches unterst\u00fctzen die Leistungsempf\u00e4nger bei Beh\u00f6rdeng\u00e4ngen, Antragstellungen, etc. Der pers\u00f6nliche Social-Coach begleitet auf Wunsch zu Terminen, denen der Leistungsempf\u00e4nger sich allein nicht gewachsen f\u00fchlt.<\/p>\n\n\n\n<p>(Alltagshilfen f\u00fcr beeintr\u00e4chtigte und\/oder pflegebed\u00fcrftige Menschen finden Sie auch bei der Gesellschaft &#8222;<a href=\"https:\/\/asistenzimalltag.de\"><strong>Assistenz im Alltag<\/strong><\/a>&#8222;.)<\/p>\n\n\n\n<p><strong>Schulungen <\/strong>&#8222;<strong>wirtschaftliches Verhalten&#8220;:<\/strong>\u00a0Der Leistungstr\u00e4ger ermittelt gemeinsam mit seinem pers\u00f6nlichen Social-Coach seinen individuellen Geldtyp und setzen sich pers\u00f6nliche Wirtschaftsziele. Er soll lernen und verinnerlichen, wie man eine einfache, pers\u00f6nliche Finanzanalyse mit einem Haushaltsbuch durchf\u00fchrt und Geldausgaben sinnvoll plant und \u00fcberschaut.<\/p>\n\n\n\n<p><strong>Bewerbungstraining:<\/strong>\u00a0Der Leistungstr\u00e4ger und sein Bewerbungs-Coach definieren gemeinsam, wo der berufliche Weg hingehen soll. Die beruflichen Ambitionen, St\u00e4rken und Schw\u00e4chen werden identifiziert und aussagekr\u00e4ftigen Bewerbungsunterlagen erstellt. Dann werden potentielle Arbeitsgeber und Stellen eruiert, Bewerbungen geschrieben und auf das Bewerbungsgespr\u00e4ch vorbereitet Der Coach steht dem Leistungsempf\u00e4nger auf dem Weg in Arbeit Schritt f\u00fcr Schritt mit Rat und Tat zur Seite.<\/p>\n","protected":false},"excerpt":{"rendered":"<p>Support und Unterst\u00fctzung | Alltagshilfen:\u00a0Unsere Social-Coaches unterst\u00fctzen die Leistungsempf\u00e4nger bei Beh\u00f6rdeng\u00e4ngen, Antragstellungen, etc. Der pers\u00f6nliche Social-Coach begleitet auf Wunsch zu Terminen, denen der Leistungsempf\u00e4nger sich allein nicht gewachsen f\u00fchlt. (Alltagshilfen f\u00fcr beeintr\u00e4chtigte und\/oder pflegebed\u00fcrftige Menschen finden Sie auch bei der Gesellschaft &#8222;Assistenz im Alltag&#8222;.) Schulungen &#8222;wirtschaftliches Verhalten&#8220;:\u00a0Der Leistungstr\u00e4ger ermittelt gemeinsam mit seinem pers\u00f6nlichen Social-Coach seinen [&hellip;]<\/p>\n","protected":false},"author":3,"featured_media":0,"parent":0,"menu_order":0,"comment_status":"closed","ping_status":"closed","template":"","meta":{"_citadela_hide_page_title":"","_citadela_remove_header_space":"","footnotes":""},"class_list":["post-56","page","type-page","status-publish","hentry"],"_links":{"self":[{"href":"https:\/\/grundbildungscoach.de\/index.php?rest_route=\/wp\/v2\/pages\/56","targetHints":{"allow":["GET"]}}],"collection":[{"href":"https:\/\/grundbildungscoach.de\/index.php?rest_route=\/wp\/v2\/pages"}],"about":[{"href":"https:\/\/grundbildungscoach.de\/index.php?rest_route=\/wp\/v2\/types\/page"}],"author":[{"embeddable":true,"href":"https:\/\/grundbildungscoach.de\/index.php?rest_route=\/wp\/v2\/users\/3"}],"replies":[{"embeddable":true,"href":"https:\/\/grundbildungscoach.de\/index.php?rest_route=%2Fwp%2Fv2%2Fcomments&post=56"}],"version-history":[{"count":12,"href":"https:\/\/grundbildungscoach.de\/index.php?rest_route=\/wp\/v2\/pages\/56\/revisions"}],"predecessor-version":[{"id":92,"href":"https:\/\/grundbildungscoach.de\/index.php?rest_route=\/wp\/v2\/pages\/56\/revisions\/92"}],"wp:attachment":[{"href":"https:\/\/grundbildungscoach.de\/index.php?rest_route=%2Fwp%2Fv2%2Fmedia&parent=56"}],"curies":[{"name":"wp","href":"https:\/\/api.w.org\/{rel}","templated":true}]}}