{"id":45,"date":"2024-06-16T11:39:39","date_gmt":"2024-06-16T09:39:39","guid":{"rendered":"https:\/\/grundbildungscoach.de\/?page_id=45"},"modified":"2024-06-17T09:43:29","modified_gmt":"2024-06-17T07:43:29","slug":"wir-ueber-uns","status":"publish","type":"page","link":"https:\/\/grundbildungscoach.de\/?page_id=45","title":{"rendered":"Wir \u00fcber uns &#8230; Philosophie &#038; Coaches"},"content":{"rendered":"\n<p>Alle unsere Coaches haben eine professionelle Ausbildung, weitere Qualifizierungen und breite Erfahrungen im Coaching und weiteren Berufssparten.<\/p>\n\n\n\n<p>Unsere Philosophie ist es, im Coaching \u00fcber eine systematische Problem- und Ressourcenanalyse Ursachen zu identifizieren, Ziele zu konkretisieren und L\u00f6sungen zur \u00dcberwindung bisheriger Probleme des Klienten zu erarbeiten. Im Idealfall erfolgt eine Begleitung des Klienten bei dessen Umsetzung der L\u00f6sungen durch den Coach.<\/p>\n\n\n\n<p>Je nach Auftragslage werden zus\u00e4tzlich externe Kollegen f\u00fcr die speziellen Themengebiete f\u00fcr die individuelle Betreuung der Klienten (Leistungsempf\u00e4nger) verpflichtet. Da die Anzahl und Fachgebiete der Coaches sich stets ver\u00e4ndern, verzichten wir an dieser Stelle auf die Vorstellung aller Kollegen (nat\u00fcrlich werden den Klienten und anderen involvierten Parteien alle entsprechenden Unterlagen auf Anfrage zur Verf\u00fcgung gestellt.<\/p>\n\n\n\n<p>Die Gesch\u00e4ftsf\u00fchrung und der Kern des Teams besteht aus folgenden Coaches:<\/p>\n\n\n\n<h2 class=\"wp-block-heading\">Dipl.-Kfm. Peter Rosniarek |&nbsp;Coach, \u00d6konom, Dozent und Redner<\/h2>\n\n\n\n<div class=\"wp-block-group is-nowrap is-layout-flex wp-container-core-group-is-layout-ad2f72ca wp-block-group-is-layout-flex\">\n<p>Als Sohn einer <em>Lehrer-Familie<\/em> hat Dipl.Kfm. Peter Rosniarek bereits in seiner Schulzeit sein Taschengeld mit <em>Nachhilfeunterricht<\/em> und Klavierstunden verdient.<\/p>\n\n\n\n<figure class=\"wp-block-image size-large\"><img loading=\"lazy\" decoding=\"async\" width=\"828\" height=\"1024\" src=\"https:\/\/grundbildungscoach.de\/wp-content\/uploads\/sites\/24\/2024\/06\/Bewerbung-Aboutme-01-1-828x1024.png\" alt=\"\" class=\"wp-image-103\" srcset=\"https:\/\/grundbildungscoach.de\/wp-content\/uploads\/sites\/24\/2024\/06\/Bewerbung-Aboutme-01-1-828x1024.png 828w, https:\/\/grundbildungscoach.de\/wp-content\/uploads\/sites\/24\/2024\/06\/Bewerbung-Aboutme-01-1-243x300.png 243w, https:\/\/grundbildungscoach.de\/wp-content\/uploads\/sites\/24\/2024\/06\/Bewerbung-Aboutme-01-1-768x950.png 768w, https:\/\/grundbildungscoach.de\/wp-content\/uploads\/sites\/24\/2024\/06\/Bewerbung-Aboutme-01-1.png 873w\" sizes=\"auto, (max-width: 828px) 100vw, 828px\" \/><\/figure>\n<\/div>\n\n\n\n<p>Nach seinem Abitur studierte er an der <em>Universit\u00e4t zu K\u00f6ln<\/em> Wirtschaft mit dem Hauptfach <em>Psychologie<\/em>. Sein Studium finanzierte er durch seine <em>Eventagentur<\/em>, dem <a href=\"https:\/\/kuenstlerteam.com\">Blue Moon K\u00fcnstlerteam<\/a>, und als <em>Moderator<\/em>. Sp\u00e4ter begann er, F\u00fchrungskr\u00e4fte mit <em>Personal Training<\/em> f\u00fcr B\u00fchnenauftritte in den Bereichen Redenschreiben, Rhetorik, Gestik, Mimik und B\u00fchnenpr\u00e4senz vorzubereiten.<\/p>\n\n\n\n<p>Nach 10-j\u00e4hriger Arbeit im Marketing- und <em>Personalbereich<\/em> von Medienunternehmen (u.a. RTL, ZDF, Telekom, etc.) widmete er sich wieder hauptberuflich seiner Agentur und arbeitet als <em>Dozent<\/em>, u.a. f\u00fcr die CBS (Cologne Business School) und die IHK.<\/p>\n\n\n\n<p>Einige Jahre lang f\u00fchre Herr Rosniarek einen <em>Gastronomiebetrieb<\/em> in K\u00f6ln. In Verbindung mit seinen anderen Skills ber\u00e4t er bis zum heutigen Tag Gastronomen bei der Optimierung ihrer Gesch\u00e4fte oder bei Betriebser\u00f6ffnungen.<\/p>\n\n\n\n<p>2013 ging Herr Rosniarek nach S\u00fcdamerika, wo er u.a. K\u00fcnstler und Eventagenturen coachte. Au\u00dferdem arbeitete er an verschiedenen Gymnasien als Lehrer sowie als Dozent an mehreren Eliteuniversit\u00e4ten sowie f\u00fcr das Goetheinstitut. Dort lernte er auch hautnah fremde Kulturen kennen.<\/p>\n\n\n\n<p>Seit 2018 lebt Herr Rosniarek wieder in Deutschland und widmet sich neben seiner Eventagentur, die er auch in seiner Zeit im Ausland betrieb, als Dozent und Coach f\u00fcr verschiedene Bildungstr\u00e4ger und gr\u00fcndete dann &#8222;SR Coaching&#8220;. Er ist zertifizierter &#8222;Grundbildungscoach&#8220;.<\/p>\n\n\n\n<p>Peter Rosniarek spricht flie\u00dfend Englisch und Deutsch, ist deutscher Muttersprachler und hat das gro\u00dfe Latinum.<\/p>\n","protected":false},"excerpt":{"rendered":"<p>Alle unsere Coaches haben eine professionelle Ausbildung, weitere Qualifizierungen und breite Erfahrungen im Coaching und weiteren Berufssparten. Unsere Philosophie ist es, im Coaching \u00fcber eine systematische Problem- und Ressourcenanalyse Ursachen zu identifizieren, Ziele zu konkretisieren und L\u00f6sungen zur \u00dcberwindung bisheriger Probleme des Klienten zu erarbeiten. Im Idealfall erfolgt eine Begleitung des Klienten bei dessen Umsetzung [&hellip;]<\/p>\n","protected":false},"author":3,"featured_media":0,"parent":0,"menu_order":0,"comment_status":"closed","ping_status":"closed","template":"","meta":{"_citadela_hide_page_title":"","_citadela_remove_header_space":"","footnotes":""},"class_list":["post-45","page","type-page","status-publish","hentry"],"_links":{"self":[{"href":"https:\/\/grundbildungscoach.de\/index.php?rest_route=\/wp\/v2\/pages\/45","targetHints":{"allow":["GET"]}}],"collection":[{"href":"https:\/\/grundbildungscoach.de\/index.php?rest_route=\/wp\/v2\/pages"}],"about":[{"href":"https:\/\/grundbildungscoach.de\/index.php?rest_route=\/wp\/v2\/types\/page"}],"author":[{"embeddable":true,"href":"https:\/\/grundbildungscoach.de\/index.php?rest_route=\/wp\/v2\/users\/3"}],"replies":[{"embeddable":true,"href":"https:\/\/grundbildungscoach.de\/index.php?rest_route=%2Fwp%2Fv2%2Fcomments&post=45"}],"version-history":[{"count":12,"href":"https:\/\/grundbildungscoach.de\/index.php?rest_route=\/wp\/v2\/pages\/45\/revisions"}],"predecessor-version":[{"id":113,"href":"https:\/\/grundbildungscoach.de\/index.php?rest_route=\/wp\/v2\/pages\/45\/revisions\/113"}],"wp:attachment":[{"href":"https:\/\/grundbildungscoach.de\/index.php?rest_route=%2Fwp%2Fv2%2Fmedia&parent=45"}],"curies":[{"name":"wp","href":"https:\/\/api.w.org\/{rel}","templated":true}]}}